{"id":2241,"date":"2022-07-31T09:48:17","date_gmt":"2022-07-31T09:48:17","guid":{"rendered":"http:\/\/hfvibelund.dk\/?page_id=2241"},"modified":"2026-03-11T12:54:03","modified_gmt":"2026-03-11T12:54:03","slug":"haver","status":"publish","type":"page","link":"https:\/\/hfvibelund.dk\/index.php\/haver\/","title":{"rendered":"Haver til salg"},"content":{"rendered":"\t\t<div data-elementor-type=\"wp-page\" data-elementor-id=\"2241\" class=\"elementor elementor-2241\">\n\t\t\t\t\t\t\t\t\t<section class=\"elementor-section elementor-top-section elementor-element elementor-element-dbabedd elementor-section-boxed elementor-section-height-default elementor-section-height-default\" data-id=\"dbabedd\" data-element_type=\"section\">\n\t\t\t\t\t\t<div class=\"elementor-container elementor-column-gap-default\">\n\t\t\t\t\t<div class=\"elementor-column elementor-col-100 elementor-top-column elementor-element elementor-element-28fa7bb\" data-id=\"28fa7bb\" data-element_type=\"column\">\n\t\t\t<div class=\"elementor-widget-wrap elementor-element-populated\">\n\t\t\t\t\t\t\t\t<div class=\"elementor-element elementor-element-ae2a9c2 elementor-widget elementor-widget-text-editor\" data-id=\"ae2a9c2\" data-element_type=\"widget\" data-widget_type=\"text-editor.default\">\n\t\t\t\t<div class=\"elementor-widget-container\">\n\t\t\t<style>\/*! elementor - v3.13.3 - 28-05-2023 *\/\n.elementor-widget-text-editor.elementor-drop-cap-view-stacked .elementor-drop-cap{background-color:#69727d;color:#fff}.elementor-widget-text-editor.elementor-drop-cap-view-framed .elementor-drop-cap{color:#69727d;border:3px solid;background-color:transparent}.elementor-widget-text-editor:not(.elementor-drop-cap-view-default) .elementor-drop-cap{margin-top:8px}.elementor-widget-text-editor:not(.elementor-drop-cap-view-default) .elementor-drop-cap-letter{width:1em;height:1em}.elementor-widget-text-editor .elementor-drop-cap{float:left;text-align:center;line-height:1;font-size:50px}.elementor-widget-text-editor .elementor-drop-cap-letter{display:inline-block}<\/style>\t\t\t\t<p><strong>Der<\/strong><b> er et indmeldelsesgebyr p\u00e5 Kr. 1000,- kr. og den \u00e5rlige haveleje udg\u00f8r Kr. 3500 kr. som forfalder midt i marts, havelejen er inkl. vandforbrug.<\/b><\/p>\n<p style=\"text-align: center\">\n<\/p><p style=\"text-align: center\">\n<\/p><p style=\"text-align: left\">\n<\/p>\t\t\t\t\t\t<\/div>\n\t\t\t\t<\/div>\n\t\t\t\t\t<\/div>\n\t\t<\/div>\n\t\t\t\t\t\t\t<\/div>\n\t\t<\/section>\n\t\t\t\t<section class=\"elementor-section elementor-top-section elementor-element elementor-element-5effac3 elementor-section-boxed elementor-section-height-default elementor-section-height-default\" data-id=\"5effac3\" data-element_type=\"section\">\n\t\t\t\t\t\t<div class=\"elementor-container elementor-column-gap-default\">\n\t\t\t\t\t<div class=\"elementor-column elementor-col-100 elementor-top-column elementor-element elementor-element-760ffc4\" data-id=\"760ffc4\" data-element_type=\"column\">\n\t\t\t<div class=\"elementor-widget-wrap elementor-element-populated\">\n\t\t\t\t\t\t\t\t<div class=\"elementor-element elementor-element-c7fa331 elementor-widget elementor-widget-text-editor\" data-id=\"c7fa331\" data-element_type=\"widget\" data-widget_type=\"text-editor.default\">\n\t\t\t\t<div class=\"elementor-widget-container\">\n\t\t\t\t\t\t\t<p><a href=\"https:\/\/hfvibelund.dk\/index.php\/2023\/07\/06\/have-91\/\" target=\"_blank\" rel=\"noopener\">Have 91<\/a><br><span style=\"font-size: 16px\">S<\/span><span style=\"font-size: 16px\">tor have med p\u00e6nt og hyggeligt 31 kvm. hus<\/span><\/p>\t\t\t\t\t\t<\/div>\n\t\t\t\t<\/div>\n\t\t\t\t\t<\/div>\n\t\t<\/div>\n\t\t\t\t\t\t\t<\/div>\n\t\t<\/section>\n\t\t\t\t<section class=\"elementor-section elementor-top-section elementor-element elementor-element-725f434 elementor-section-boxed elementor-section-height-default elementor-section-height-default\" data-id=\"725f434\" data-element_type=\"section\">\n\t\t\t\t\t\t<div class=\"elementor-container elementor-column-gap-default\">\n\t\t\t\t\t<div class=\"elementor-column elementor-col-100 elementor-top-column elementor-element elementor-element-dd6f896\" data-id=\"dd6f896\" data-element_type=\"column\">\n\t\t\t<div class=\"elementor-widget-wrap elementor-element-populated\">\n\t\t\t\t\t\t\t\t<div class=\"elementor-element elementor-element-6c98676 elementor-align-center elementor-widget elementor-widget-button\" data-id=\"6c98676\" data-element_type=\"widget\" data-widget_type=\"button.default\">\n\t\t\t\t<div class=\"elementor-widget-container\">\n\t\t\t\t\t<div class=\"elementor-button-wrapper\">\n\t\t\t<a href=\"http:\/\/hfvibelund.dk\/index.php\/venteliste\/\" target=\"_blank\" class=\"elementor-button-link elementor-button elementor-size-md\" role=\"button\">\n\t\t\t\t\t\t<span class=\"elementor-button-content-wrapper\">\n\t\t\t\t\t\t\t<span class=\"elementor-button-icon elementor-align-icon-left\">\n\t\t\t\t<i aria-hidden=\"true\" class=\"far fa-address-card\"><\/i>\t\t\t<\/span>\n\t\t\t\t\t\t<span class=\"elementor-button-text\">Venteliste<\/span>\n\t\t<\/span>\n\t\t\t\t\t<\/a>\n\t\t<\/div>\n\t\t\t\t<\/div>\n\t\t\t\t<\/div>\n\t\t\t\t\t<\/div>\n\t\t<\/div>\n\t\t\t\t\t\t\t<\/div>\n\t\t<\/section>\n\t\t\t\t\t\t\t<\/div>\n\t\t","protected":false},"excerpt":{"rendered":"<p>Der er et indmeldelsesgebyr p\u00e5 Kr. 1000,- kr. og den \u00e5rlige haveleje udg\u00f8r Kr. 3500 kr. som forfalder midt i marts, havelejen er inkl. vandforbrug. Have 91Stor have med p\u00e6nt og hyggeligt 31 kvm. hus Venteliste<\/p>\n","protected":false},"author":1,"featured_media":0,"parent":0,"menu_order":0,"comment_status":"closed","ping_status":"closed","template":"","meta":{"footnotes":""},"class_list":["post-2241","page","type-page","status-publish","hentry","wpbf-post"],"yoast_head":"<!-- This site is optimized with the Yoast SEO plugin v20.9 - https:\/\/yoast.com\/wordpress\/plugins\/seo\/ -->\n<title>Haver til salg - Haveforeningen Vibelund<\/title>\n<meta name=\"robots\" content=\"index, follow, max-snippet:-1, max-image-preview:large, max-video-preview:-1\" \/>\n<link rel=\"canonical\" href=\"https:\/\/hfvibelund.dk\/index.php\/haver\/\" \/>\n<meta property=\"og:locale\" content=\"da_DK\" \/>\n<meta property=\"og:type\" content=\"article\" \/>\n<meta property=\"og:title\" content=\"Haver til salg - Haveforeningen Vibelund\" \/>\n<meta property=\"og:description\" content=\"Der er et indmeldelsesgebyr p\u00e5 Kr. 1000,- kr. og den \u00e5rlige haveleje udg\u00f8r Kr. 3500 kr. som forfalder midt i marts, havelejen er inkl. vandforbrug. Have 91Stor have med p\u00e6nt og hyggeligt 31 kvm. hus Venteliste\" \/>\n<meta property=\"og:url\" content=\"https:\/\/hfvibelund.dk\/index.php\/haver\/\" \/>\n<meta property=\"og:site_name\" content=\"Haveforeningen Vibelund\" \/>\n<meta property=\"article:modified_time\" content=\"2026-03-11T12:54:03+00:00\" \/>\n<meta name=\"twitter:card\" content=\"summary_large_image\" \/>\n<meta name=\"twitter:label1\" content=\"Estimeret l\u00e6setid\" \/>\n\t<meta name=\"twitter:data1\" content=\"1 minut\" \/>\n<script type=\"application\/ld+json\" class=\"yoast-schema-graph\">{\"@context\":\"https:\/\/schema.org\",\"@graph\":[{\"@type\":\"WebPage\",\"@id\":\"https:\/\/hfvibelund.dk\/index.php\/haver\/\",\"url\":\"https:\/\/hfvibelund.dk\/index.php\/haver\/\",\"name\":\"Haver til salg - Haveforeningen Vibelund\",\"isPartOf\":{\"@id\":\"http:\/\/hfvibelund.dk\/#website\"},\"datePublished\":\"2022-07-31T09:48:17+00:00\",\"dateModified\":\"2026-03-11T12:54:03+00:00\",\"breadcrumb\":{\"@id\":\"https:\/\/hfvibelund.dk\/index.php\/haver\/#breadcrumb\"},\"inLanguage\":\"da-DK\",\"potentialAction\":[{\"@type\":\"ReadAction\",\"target\":[\"https:\/\/hfvibelund.dk\/index.php\/haver\/\"]}]},{\"@type\":\"BreadcrumbList\",\"@id\":\"https:\/\/hfvibelund.dk\/index.php\/haver\/#breadcrumb\",\"itemListElement\":[{\"@type\":\"ListItem\",\"position\":1,\"name\":\"Hjem\",\"item\":\"https:\/\/hfvibelund.dk\/\"},{\"@type\":\"ListItem\",\"position\":2,\"name\":\"Haver til salg\"}]},{\"@type\":\"WebSite\",\"@id\":\"http:\/\/hfvibelund.dk\/#website\",\"url\":\"http:\/\/hfvibelund.dk\/\",\"name\":\"Haveforeningen Vibelund\",\"description\":\"-den sk\u00f8nneste havekoloni i Odense Vest\",\"publisher\":{\"@id\":\"http:\/\/hfvibelund.dk\/#organization\"},\"potentialAction\":[{\"@type\":\"SearchAction\",\"target\":{\"@type\":\"EntryPoint\",\"urlTemplate\":\"http:\/\/hfvibelund.dk\/?s={search_term_string}\"},\"query-input\":\"required name=search_term_string\"}],\"inLanguage\":\"da-DK\"},{\"@type\":\"Organization\",\"@id\":\"http:\/\/hfvibelund.dk\/#organization\",\"name\":\"Haveforening Vibelund\",\"url\":\"http:\/\/hfvibelund.dk\/\",\"logo\":{\"@type\":\"ImageObject\",\"inLanguage\":\"da-DK\",\"@id\":\"http:\/\/hfvibelund.dk\/#\/schema\/logo\/image\/\",\"url\":\"http:\/\/hfvibelund.dk\/wp-content\/uploads\/2022\/07\/cropped-cropped-DSC06480-scaled-1.jpg\",\"contentUrl\":\"http:\/\/hfvibelund.dk\/wp-content\/uploads\/2022\/07\/cropped-cropped-DSC06480-scaled-1.jpg\",\"width\":2560,\"height\":1704,\"caption\":\"Haveforening Vibelund\"},\"image\":{\"@id\":\"http:\/\/hfvibelund.dk\/#\/schema\/logo\/image\/\"}}]}<\/script>\n<!-- \/ Yoast SEO plugin. -->","yoast_head_json":{"title":"Haver til salg - Haveforeningen Vibelund","robots":{"index":"index","follow":"follow","max-snippet":"max-snippet:-1","max-image-preview":"max-image-preview:large","max-video-preview":"max-video-preview:-1"},"canonical":"https:\/\/hfvibelund.dk\/index.php\/haver\/","og_locale":"da_DK","og_type":"article","og_title":"Haver til salg - Haveforeningen Vibelund","og_description":"Der er et indmeldelsesgebyr p\u00e5 Kr. 1000,- kr. og den \u00e5rlige haveleje udg\u00f8r Kr. 3500 kr. som forfalder midt i marts, havelejen er inkl. vandforbrug. Have 91Stor have med p\u00e6nt og hyggeligt 31 kvm. hus Venteliste","og_url":"https:\/\/hfvibelund.dk\/index.php\/haver\/","og_site_name":"Haveforeningen Vibelund","article_modified_time":"2026-03-11T12:54:03+00:00","twitter_card":"summary_large_image","twitter_misc":{"Estimeret l\u00e6setid":"1 minut"},"schema":{"@context":"https:\/\/schema.org","@graph":[{"@type":"WebPage","@id":"https:\/\/hfvibelund.dk\/index.php\/haver\/","url":"https:\/\/hfvibelund.dk\/index.php\/haver\/","name":"Haver til salg - Haveforeningen Vibelund","isPartOf":{"@id":"http:\/\/hfvibelund.dk\/#website"},"datePublished":"2022-07-31T09:48:17+00:00","dateModified":"2026-03-11T12:54:03+00:00","breadcrumb":{"@id":"https:\/\/hfvibelund.dk\/index.php\/haver\/#breadcrumb"},"inLanguage":"da-DK","potentialAction":[{"@type":"ReadAction","target":["https:\/\/hfvibelund.dk\/index.php\/haver\/"]}]},{"@type":"BreadcrumbList","@id":"https:\/\/hfvibelund.dk\/index.php\/haver\/#breadcrumb","itemListElement":[{"@type":"ListItem","position":1,"name":"Hjem","item":"https:\/\/hfvibelund.dk\/"},{"@type":"ListItem","position":2,"name":"Haver til salg"}]},{"@type":"WebSite","@id":"http:\/\/hfvibelund.dk\/#website","url":"http:\/\/hfvibelund.dk\/","name":"Haveforeningen Vibelund","description":"-den sk\u00f8nneste havekoloni i Odense Vest","publisher":{"@id":"http:\/\/hfvibelund.dk\/#organization"},"potentialAction":[{"@type":"SearchAction","target":{"@type":"EntryPoint","urlTemplate":"http:\/\/hfvibelund.dk\/?s={search_term_string}"},"query-input":"required name=search_term_string"}],"inLanguage":"da-DK"},{"@type":"Organization","@id":"http:\/\/hfvibelund.dk\/#organization","name":"Haveforening Vibelund","url":"http:\/\/hfvibelund.dk\/","logo":{"@type":"ImageObject","inLanguage":"da-DK","@id":"http:\/\/hfvibelund.dk\/#\/schema\/logo\/image\/","url":"http:\/\/hfvibelund.dk\/wp-content\/uploads\/2022\/07\/cropped-cropped-DSC06480-scaled-1.jpg","contentUrl":"http:\/\/hfvibelund.dk\/wp-content\/uploads\/2022\/07\/cropped-cropped-DSC06480-scaled-1.jpg","width":2560,"height":1704,"caption":"Haveforening Vibelund"},"image":{"@id":"http:\/\/hfvibelund.dk\/#\/schema\/logo\/image\/"}}]}},"_links":{"self":[{"href":"https:\/\/hfvibelund.dk\/index.php\/wp-json\/wp\/v2\/pages\/2241","targetHints":{"allow":["GET"]}}],"collection":[{"href":"https:\/\/hfvibelund.dk\/index.php\/wp-json\/wp\/v2\/pages"}],"about":[{"href":"https:\/\/hfvibelund.dk\/index.php\/wp-json\/wp\/v2\/types\/page"}],"author":[{"embeddable":true,"href":"https:\/\/hfvibelund.dk\/index.php\/wp-json\/wp\/v2\/users\/1"}],"replies":[{"embeddable":true,"href":"https:\/\/hfvibelund.dk\/index.php\/wp-json\/wp\/v2\/comments?post=2241"}],"version-history":[{"count":31,"href":"https:\/\/hfvibelund.dk\/index.php\/wp-json\/wp\/v2\/pages\/2241\/revisions"}],"predecessor-version":[{"id":2944,"href":"https:\/\/hfvibelund.dk\/index.php\/wp-json\/wp\/v2\/pages\/2241\/revisions\/2944"}],"wp:attachment":[{"href":"https:\/\/hfvibelund.dk\/index.php\/wp-json\/wp\/v2\/media?parent=2241"}],"curies":[{"name":"wp","href":"https:\/\/api.w.org\/{rel}","templated":true}]}}