{"id":1872,"date":"2022-07-11T17:54:43","date_gmt":"2022-07-11T17:54:43","guid":{"rendered":"http:\/\/hfvibelund.dk\/index.php\/home\/"},"modified":"2022-07-11T18:02:43","modified_gmt":"2022-07-11T18:02:43","slug":"forside","status":"publish","type":"page","link":"https:\/\/hfvibelund.dk\/index.php\/forside\/","title":{"rendered":"Forside"},"content":{"rendered":"\n<figure class=\"wp-block-image size-large\"><img loading=\"lazy\" decoding=\"async\" width=\"1024\" height=\"768\" src=\"http:\/\/hfvibelund.dk\/wp-content\/uploads\/2022\/07\/Vibelund-Foreningshus-1024x768.jpg\" alt=\"\" class=\"wp-image-20\" srcset=\"https:\/\/hfvibelund.dk\/wp-content\/uploads\/2022\/07\/Vibelund-Foreningshus-1024x768.jpg 1024w, https:\/\/hfvibelund.dk\/wp-content\/uploads\/2022\/07\/Vibelund-Foreningshus-300x225.jpg 300w, https:\/\/hfvibelund.dk\/wp-content\/uploads\/2022\/07\/Vibelund-Foreningshus-768x576.jpg 768w, https:\/\/hfvibelund.dk\/wp-content\/uploads\/2022\/07\/Vibelund-Foreningshus-1536x1152.jpg 1536w, https:\/\/hfvibelund.dk\/wp-content\/uploads\/2022\/07\/Vibelund-Foreningshus-2048x1536.jpg 2048w\" sizes=\"auto, (max-width: 1024px) 100vw, 1024px\" \/><\/figure>\n\n\n\n<p>Haveforeningen Vibelund er en dejlig velorganiseret kolonihaveforening beliggende i det vestligste af Bolbro op mod det milit\u00e6re omr\u00e5de ved H\u00f8jstrup. Der er 146 dejlige haver til udlejning i st\u00f8rrelser fra ca. 380 m2 til ca. 480 m2.<\/p>\n\n\n\n<p>Den \u00e6ldste afdeling, afd. 1, er etableret i 1957 med 59 haver og et foreningshus, det er her, de st\u00f8rste haver ligger. Terr\u00e6net skr\u00e5ner lidt, s\u00e5 der er fra det h\u00f8jeste punkt en dejlig udsigt over hele omr\u00e5det. Det er ogs\u00e5 her vi har vores Petanquebane en mindre b\u00e5lplads og en grill til f\u00e6lles brug.<\/p>\n\n\n\n<p>Afd. 2 fra 1976 er etableret omkring en lavtliggende s\u00f8 p\u00e5 ca. 500 m2, hvilket giver en dejlig hyggelig og afslappet atmosf\u00e6re, her er de mindste haver og der er 57 og kun to, som ikke er bebygget.<\/p>\n\n\n\n<p>Afd. 3 fra 1982 er ligesom afd. 1 beliggende p\u00e5 lettere skr\u00e5nende terr\u00e6n hvilket giver nogle flotte kig over omr\u00e5det her er der 40 haver p\u00e5 hver ca. 400 m2, her er der ogs\u00e5 kun to, der ikke er bebygget men dog udlejet. Denne afd. er den der ligger t\u00e6ttest p\u00e5 det milit\u00e6re omr\u00e5de og ogs\u00e5 t\u00e6t p\u00e5 er st\u00f8rre gr\u00e6s og skov omr\u00e5de, hvor der kan spilles fodbold eller g\u00e5s ture, det er ogs\u00e5 p\u00e5 dette gr\u00e6somr\u00e5de vi plejer at afbr\u00e6nde Skt. Hansb\u00e5l.<\/p>\n\n\n\n<p>Haveforeningen Vibelund er en ren oase i udkanten af den t\u00e6tte bebyggelse i Bolbro og H\u00f8jstrup.<\/p>\n","protected":false},"excerpt":{"rendered":"<p>Haveforeningen Vibelund er en dejlig velorganiseret kolonihaveforening beliggende i det vestligste af Bolbro op mod det milit\u00e6re omr\u00e5de ved H\u00f8jstrup. Der er 146 dejlige haver til udlejning i st\u00f8rrelser fra ca. 380 m2 til ca. 480 m2. Den \u00e6ldste afdeling, afd. 1, er etableret i 1957 med 59 haver og et foreningshus, det er her, [&hellip;]<\/p>\n","protected":false},"author":1,"featured_media":0,"parent":0,"menu_order":0,"comment_status":"closed","ping_status":"closed","template":"","meta":{"footnotes":""},"class_list":["post-1872","page","type-page","status-publish","hentry","wpbf-post"],"yoast_head":"<!-- This site is optimized with the Yoast SEO plugin v20.9 - https:\/\/yoast.com\/wordpress\/plugins\/seo\/ -->\n<title>Forside - Haveforeningen Vibelund<\/title>\n<meta name=\"robots\" content=\"index, follow, max-snippet:-1, max-image-preview:large, max-video-preview:-1\" \/>\n<link rel=\"canonical\" href=\"https:\/\/hfvibelund.dk\/index.php\/forside\/\" \/>\n<meta property=\"og:locale\" content=\"da_DK\" \/>\n<meta property=\"og:type\" content=\"article\" \/>\n<meta property=\"og:title\" content=\"Forside - Haveforeningen Vibelund\" \/>\n<meta property=\"og:description\" content=\"Haveforeningen Vibelund er en dejlig velorganiseret kolonihaveforening beliggende i det vestligste af Bolbro op mod det milit\u00e6re omr\u00e5de ved H\u00f8jstrup. Der er 146 dejlige haver til udlejning i st\u00f8rrelser fra ca. 380 m2 til ca. 480 m2. Den \u00e6ldste afdeling, afd. 1, er etableret i 1957 med 59 haver og et foreningshus, det er her, [&hellip;]\" \/>\n<meta property=\"og:url\" content=\"https:\/\/hfvibelund.dk\/index.php\/forside\/\" \/>\n<meta property=\"og:site_name\" content=\"Haveforeningen Vibelund\" \/>\n<meta property=\"article:modified_time\" content=\"2022-07-11T18:02:43+00:00\" \/>\n<meta property=\"og:image\" content=\"http:\/\/hfvibelund.dk\/wp-content\/uploads\/2022\/07\/Vibelund-Foreningshus-1024x768.jpg\" \/>\n<meta name=\"twitter:card\" content=\"summary_large_image\" \/>\n<meta name=\"twitter:label1\" content=\"Estimeret l\u00e6setid\" \/>\n\t<meta name=\"twitter:data1\" content=\"1 minut\" \/>\n<script type=\"application\/ld+json\" class=\"yoast-schema-graph\">{\"@context\":\"https:\/\/schema.org\",\"@graph\":[{\"@type\":\"WebPage\",\"@id\":\"https:\/\/hfvibelund.dk\/index.php\/forside\/\",\"url\":\"https:\/\/hfvibelund.dk\/index.php\/forside\/\",\"name\":\"Forside - Haveforeningen Vibelund\",\"isPartOf\":{\"@id\":\"http:\/\/hfvibelund.dk\/#website\"},\"datePublished\":\"2022-07-11T17:54:43+00:00\",\"dateModified\":\"2022-07-11T18:02:43+00:00\",\"breadcrumb\":{\"@id\":\"https:\/\/hfvibelund.dk\/index.php\/forside\/#breadcrumb\"},\"inLanguage\":\"da-DK\",\"potentialAction\":[{\"@type\":\"ReadAction\",\"target\":[\"https:\/\/hfvibelund.dk\/index.php\/forside\/\"]}]},{\"@type\":\"BreadcrumbList\",\"@id\":\"https:\/\/hfvibelund.dk\/index.php\/forside\/#breadcrumb\",\"itemListElement\":[{\"@type\":\"ListItem\",\"position\":1,\"name\":\"Hjem\",\"item\":\"https:\/\/hfvibelund.dk\/\"},{\"@type\":\"ListItem\",\"position\":2,\"name\":\"Forside\"}]},{\"@type\":\"WebSite\",\"@id\":\"http:\/\/hfvibelund.dk\/#website\",\"url\":\"http:\/\/hfvibelund.dk\/\",\"name\":\"Haveforeningen Vibelund\",\"description\":\"-den sk\u00f8nneste havekoloni i Odense Vest\",\"publisher\":{\"@id\":\"http:\/\/hfvibelund.dk\/#organization\"},\"potentialAction\":[{\"@type\":\"SearchAction\",\"target\":{\"@type\":\"EntryPoint\",\"urlTemplate\":\"http:\/\/hfvibelund.dk\/?s={search_term_string}\"},\"query-input\":\"required name=search_term_string\"}],\"inLanguage\":\"da-DK\"},{\"@type\":\"Organization\",\"@id\":\"http:\/\/hfvibelund.dk\/#organization\",\"name\":\"Haveforening Vibelund\",\"url\":\"http:\/\/hfvibelund.dk\/\",\"logo\":{\"@type\":\"ImageObject\",\"inLanguage\":\"da-DK\",\"@id\":\"http:\/\/hfvibelund.dk\/#\/schema\/logo\/image\/\",\"url\":\"http:\/\/hfvibelund.dk\/wp-content\/uploads\/2022\/07\/cropped-cropped-DSC06480-scaled-1.jpg\",\"contentUrl\":\"http:\/\/hfvibelund.dk\/wp-content\/uploads\/2022\/07\/cropped-cropped-DSC06480-scaled-1.jpg\",\"width\":2560,\"height\":1704,\"caption\":\"Haveforening Vibelund\"},\"image\":{\"@id\":\"http:\/\/hfvibelund.dk\/#\/schema\/logo\/image\/\"}}]}<\/script>\n<!-- \/ Yoast SEO plugin. -->","yoast_head_json":{"title":"Forside - Haveforeningen Vibelund","robots":{"index":"index","follow":"follow","max-snippet":"max-snippet:-1","max-image-preview":"max-image-preview:large","max-video-preview":"max-video-preview:-1"},"canonical":"https:\/\/hfvibelund.dk\/index.php\/forside\/","og_locale":"da_DK","og_type":"article","og_title":"Forside - Haveforeningen Vibelund","og_description":"Haveforeningen Vibelund er en dejlig velorganiseret kolonihaveforening beliggende i det vestligste af Bolbro op mod det milit\u00e6re omr\u00e5de ved H\u00f8jstrup. Der er 146 dejlige haver til udlejning i st\u00f8rrelser fra ca. 380 m2 til ca. 480 m2. Den \u00e6ldste afdeling, afd. 1, er etableret i 1957 med 59 haver og et foreningshus, det er her, [&hellip;]","og_url":"https:\/\/hfvibelund.dk\/index.php\/forside\/","og_site_name":"Haveforeningen Vibelund","article_modified_time":"2022-07-11T18:02:43+00:00","og_image":[{"url":"http:\/\/hfvibelund.dk\/wp-content\/uploads\/2022\/07\/Vibelund-Foreningshus-1024x768.jpg"}],"twitter_card":"summary_large_image","twitter_misc":{"Estimeret l\u00e6setid":"1 minut"},"schema":{"@context":"https:\/\/schema.org","@graph":[{"@type":"WebPage","@id":"https:\/\/hfvibelund.dk\/index.php\/forside\/","url":"https:\/\/hfvibelund.dk\/index.php\/forside\/","name":"Forside - Haveforeningen Vibelund","isPartOf":{"@id":"http:\/\/hfvibelund.dk\/#website"},"datePublished":"2022-07-11T17:54:43+00:00","dateModified":"2022-07-11T18:02:43+00:00","breadcrumb":{"@id":"https:\/\/hfvibelund.dk\/index.php\/forside\/#breadcrumb"},"inLanguage":"da-DK","potentialAction":[{"@type":"ReadAction","target":["https:\/\/hfvibelund.dk\/index.php\/forside\/"]}]},{"@type":"BreadcrumbList","@id":"https:\/\/hfvibelund.dk\/index.php\/forside\/#breadcrumb","itemListElement":[{"@type":"ListItem","position":1,"name":"Hjem","item":"https:\/\/hfvibelund.dk\/"},{"@type":"ListItem","position":2,"name":"Forside"}]},{"@type":"WebSite","@id":"http:\/\/hfvibelund.dk\/#website","url":"http:\/\/hfvibelund.dk\/","name":"Haveforeningen Vibelund","description":"-den sk\u00f8nneste havekoloni i Odense Vest","publisher":{"@id":"http:\/\/hfvibelund.dk\/#organization"},"potentialAction":[{"@type":"SearchAction","target":{"@type":"EntryPoint","urlTemplate":"http:\/\/hfvibelund.dk\/?s={search_term_string}"},"query-input":"required name=search_term_string"}],"inLanguage":"da-DK"},{"@type":"Organization","@id":"http:\/\/hfvibelund.dk\/#organization","name":"Haveforening Vibelund","url":"http:\/\/hfvibelund.dk\/","logo":{"@type":"ImageObject","inLanguage":"da-DK","@id":"http:\/\/hfvibelund.dk\/#\/schema\/logo\/image\/","url":"http:\/\/hfvibelund.dk\/wp-content\/uploads\/2022\/07\/cropped-cropped-DSC06480-scaled-1.jpg","contentUrl":"http:\/\/hfvibelund.dk\/wp-content\/uploads\/2022\/07\/cropped-cropped-DSC06480-scaled-1.jpg","width":2560,"height":1704,"caption":"Haveforening Vibelund"},"image":{"@id":"http:\/\/hfvibelund.dk\/#\/schema\/logo\/image\/"}}]}},"_links":{"self":[{"href":"https:\/\/hfvibelund.dk\/index.php\/wp-json\/wp\/v2\/pages\/1872","targetHints":{"allow":["GET"]}}],"collection":[{"href":"https:\/\/hfvibelund.dk\/index.php\/wp-json\/wp\/v2\/pages"}],"about":[{"href":"https:\/\/hfvibelund.dk\/index.php\/wp-json\/wp\/v2\/types\/page"}],"author":[{"embeddable":true,"href":"https:\/\/hfvibelund.dk\/index.php\/wp-json\/wp\/v2\/users\/1"}],"replies":[{"embeddable":true,"href":"https:\/\/hfvibelund.dk\/index.php\/wp-json\/wp\/v2\/comments?post=1872"}],"version-history":[{"count":2,"href":"https:\/\/hfvibelund.dk\/index.php\/wp-json\/wp\/v2\/pages\/1872\/revisions"}],"predecessor-version":[{"id":1882,"href":"https:\/\/hfvibelund.dk\/index.php\/wp-json\/wp\/v2\/pages\/1872\/revisions\/1882"}],"wp:attachment":[{"href":"https:\/\/hfvibelund.dk\/index.php\/wp-json\/wp\/v2\/media?parent=1872"}],"curies":[{"name":"wp","href":"https:\/\/api.w.org\/{rel}","templated":true}]}}